{"id":12292,"date":"2021-10-31T21:09:17","date_gmt":"2021-10-31T21:09:17","guid":{"rendered":"http:\/\/electrobest.ma\/?post_type=product&#038;p=12292"},"modified":"2021-10-31T21:09:21","modified_gmt":"2021-10-31T21:09:21","slug":"firetv-stick-4k-amazon","status":"publish","type":"product","link":"https:\/\/electro-box.ma\/fr\/produit\/firetv-stick-4k-amazon\/","title":{"rendered":"FireTv Stick 4K AMAZON"},"content":{"rendered":"","protected":false},"excerpt":{"rendered":"<ul class=\"a-unordered-list a-vertical a-spacing-mini\">\n<li><span class=\"a-list-item\">Exp\u00e9rience cin\u00e9matographique : image 4K Ultra HD aux couleurs \u00e9clatantes avec prise en charge des technologies Dolby Vision, HDR et HDR10+.<\/span><\/li>\n<li><span class=\"a-list-item\">Lancez et contr\u00f4lez vos films et s\u00e9ries pr\u00e9f\u00e9r\u00e9s gr\u00e2ce \u00e0 la t\u00e9l\u00e9commande vocale Alexa nouvelle g\u00e9n\u00e9ration. Utilisez les boutons Marche\/arr\u00eat, Volume et Silencieux pour contr\u00f4ler votre TV, barre de son et r\u00e9cepteur compatibles.<\/span><\/li>\n<li><span class=\"a-list-item\">Regardez vos programmes pr\u00e9f\u00e9r\u00e9s sur Prime Video, Netflix, YouTube, Molotov, ARTE, France 24, Disney+, Apple TV et plus encore (des abonnements s\u00e9par\u00e9s peuvent \u00eatre requis).<\/span><\/li>\n<li><span class=\"a-list-item\">Acc\u00e9dez \u00e0 des milliers d&#8217;applications et de Skills Alexa, ainsi qu&#8217;\u00e0 des millions de sites Web.<\/span><\/li>\n<li><span class=\"a-list-item\">Faites-en plus avec Alexa : regardez les flux vid\u00e9o de votre cam\u00e9ra compatible en direct, consultez la m\u00e9t\u00e9o, tamisez les lumi\u00e8res et \u00e9coutez de la musique en streaming.<\/span><\/li>\n<li><span class=\"a-list-item\">Les membres Amazon Prime b\u00e9n\u00e9ficient d&#8217;un acc\u00e8s illimit\u00e9 \u00e0 des milliers de films et s\u00e9ries sur Prime Video, ainsi qu&#8217;\u00e0 plus de deux millions de titres sans publicit\u00e9 gr\u00e2ce \u00e0 Prime Music.<\/span><\/li>\n<li><span class=\"a-list-item\">Avec les applications Molotov, ARTE, France 24 et plus encore, regardez vos programmes pr\u00e9f\u00e9r\u00e9s en direct, au moment o\u00f9 ils passent. Ou si vous ratez votre \u00e9mission pr\u00e9f\u00e9r\u00e9e, vous pourrez la regarder plus tard \u00e0 la demande (des frais suppl\u00e9mentaires peuvent s&#8217;appliquer).<\/span><\/li>\n<\/ul>","protected":false},"featured_media":12293,"comment_status":"open","ping_status":"closed","template":"","meta":[],"product_cat":[103],"product_tag":[],"class_list":{"0":"post-12292","1":"product","2":"type-product","3":"status-publish","4":"has-post-thumbnail","6":"product_cat-smart-tv-box","8":"first","9":"instock","10":"shipping-taxable","11":"purchasable","12":"product-type-simple"},"_links":{"self":[{"href":"https:\/\/electro-box.ma\/fr\/wp-json\/wp\/v2\/product\/12292","targetHints":{"allow":["GET"]}}],"collection":[{"href":"https:\/\/electro-box.ma\/fr\/wp-json\/wp\/v2\/product"}],"about":[{"href":"https:\/\/electro-box.ma\/fr\/wp-json\/wp\/v2\/types\/product"}],"replies":[{"embeddable":true,"href":"https:\/\/electro-box.ma\/fr\/wp-json\/wp\/v2\/comments?post=12292"}],"version-history":[{"count":1,"href":"https:\/\/electro-box.ma\/fr\/wp-json\/wp\/v2\/product\/12292\/revisions"}],"predecessor-version":[{"id":12294,"href":"https:\/\/electro-box.ma\/fr\/wp-json\/wp\/v2\/product\/12292\/revisions\/12294"}],"wp:featuredmedia":[{"embeddable":true,"href":"https:\/\/electro-box.ma\/fr\/wp-json\/wp\/v2\/media\/12293"}],"wp:attachment":[{"href":"https:\/\/electro-box.ma\/fr\/wp-json\/wp\/v2\/media?parent=12292"}],"wp:term":[{"taxonomy":"product_cat","embeddable":true,"href":"https:\/\/electro-box.ma\/fr\/wp-json\/wp\/v2\/product_cat?post=12292"},{"taxonomy":"product_tag","embeddable":true,"href":"https:\/\/electro-box.ma\/fr\/wp-json\/wp\/v2\/product_tag?post=12292"}],"curies":[{"name":"wp","href":"https:\/\/api.w.org\/{rel}","templated":true}]}}