{"id":12285,"date":"2021-10-31T20:27:51","date_gmt":"2021-10-31T20:27:51","guid":{"rendered":"http:\/\/electrobest.ma\/?post_type=product&#038;p=12285"},"modified":"2021-10-31T20:27:54","modified_gmt":"2021-10-31T20:27:54","slug":"tv-box-senic-h96-mini","status":"publish","type":"product","link":"https:\/\/electro-box.ma\/fr\/produit\/tv-box-senic-h96-mini\/","title":{"rendered":"TV Box SENIC H96 mini"},"content":{"rendered":"","protected":false},"excerpt":{"rendered":"<ol data-spm-anchor-id=\"a2g0o.detail.1000023.i0.6fbe39915CjaPB\">\n<li>GPU: Mali-450 penta-core, jusqu&#8217;\u00e0 750 MHz + (DVFS)<\/li>\n<li>RAM: DDR3 2 go, ROM: 16 go<\/li>\n<li>Syst\u00e8me d&#8217;exploitation Android 7.1 ou 9.0<\/li>\n<li>Prise en charge H.265, 4 K 30pfs, HD 2.0;<\/li>\n<li>IEEE 802.11b\/g\/n, 10\/100 Mbps LAN, 2.4G Wifi;<\/li>\n<li data-spm-anchor-id=\"a2g0o.detail.1000023.i0.40e547c0jNABmy\">Applications c\u00e9l\u00e8bres int\u00e9gr\u00e9es et parfaites<\/li>\n<\/ol>","protected":false},"featured_media":12286,"comment_status":"open","ping_status":"closed","template":"","meta":[],"product_cat":[103],"product_tag":[],"class_list":{"0":"post-12285","1":"product","2":"type-product","3":"status-publish","4":"has-post-thumbnail","6":"product_cat-smart-tv-box","8":"first","9":"instock","10":"shipping-taxable","11":"purchasable","12":"product-type-simple"},"_links":{"self":[{"href":"https:\/\/electro-box.ma\/fr\/wp-json\/wp\/v2\/product\/12285","targetHints":{"allow":["GET"]}}],"collection":[{"href":"https:\/\/electro-box.ma\/fr\/wp-json\/wp\/v2\/product"}],"about":[{"href":"https:\/\/electro-box.ma\/fr\/wp-json\/wp\/v2\/types\/product"}],"replies":[{"embeddable":true,"href":"https:\/\/electro-box.ma\/fr\/wp-json\/wp\/v2\/comments?post=12285"}],"version-history":[{"count":1,"href":"https:\/\/electro-box.ma\/fr\/wp-json\/wp\/v2\/product\/12285\/revisions"}],"predecessor-version":[{"id":12287,"href":"https:\/\/electro-box.ma\/fr\/wp-json\/wp\/v2\/product\/12285\/revisions\/12287"}],"wp:featuredmedia":[{"embeddable":true,"href":"https:\/\/electro-box.ma\/fr\/wp-json\/wp\/v2\/media\/12286"}],"wp:attachment":[{"href":"https:\/\/electro-box.ma\/fr\/wp-json\/wp\/v2\/media?parent=12285"}],"wp:term":[{"taxonomy":"product_cat","embeddable":true,"href":"https:\/\/electro-box.ma\/fr\/wp-json\/wp\/v2\/product_cat?post=12285"},{"taxonomy":"product_tag","embeddable":true,"href":"https:\/\/electro-box.ma\/fr\/wp-json\/wp\/v2\/product_tag?post=12285"}],"curies":[{"name":"wp","href":"https:\/\/api.w.org\/{rel}","templated":true}]}}