{"id":12282,"date":"2021-10-31T20:03:16","date_gmt":"2021-10-31T20:03:16","guid":{"rendered":"http:\/\/electrobest.ma\/?post_type=product&#038;p=12282"},"modified":"2021-10-31T20:03:21","modified_gmt":"2021-10-31T20:03:21","slug":"tv-box-x96q","status":"publish","type":"product","link":"https:\/\/electro-box.ma\/fr\/produit\/tv-box-x96q\/","title":{"rendered":"Tv Box X96Q"},"content":{"rendered":"","protected":false},"excerpt":{"rendered":"<ul class=\"a-unordered-list a-vertical a-spacing-mini\">\n<li><span class=\"a-list-item\">\u3010Le dernier Android 10.0\u3011 La Smart TV Box X96Q Android est \u00e9quip\u00e9e du dernier syst\u00e8me d&#8217;exploitation Android 10.0, le dernier Allwinner H313 64-bit quadri-c\u0153ur ARM Cortex A53. Par rapport aux autres bo\u00eetiers TV sur le march\u00e9, elle offre une vitesse d&#8217;ex\u00e9cution plus rapide, une meilleure compatibilit\u00e9 des applications et une excellente interface utilisateur plus fiable et intelligente.<\/span><\/li>\n<li><span class=\"a-list-item\">\u30102 Go de RAM + 16 Go de ROM\u3011 2 Go de RAM de stockage de grande capacit\u00e9 pour assurer la vitesse et la stabilit\u00e9 du syst\u00e8me d&#8217;exploitation et prise en charge des vitesses de course sans tampon ou choc, 16 Go ROM offre assez pour l&#8217;installation d&#8217;applications, jeux, etc.<\/span><\/li>\n<li><span class=\"a-list-item\">\u3010 Votre Home Cin\u00e9ma HD 3D \u3011 Support TV Android X96Q d\u00e9codage et lecture des formats audio et vid\u00e9o de presque tous les populations, et vous pouvez profiter de la vid\u00e9o haute d\u00e9finition 4K plus claire que 1080p. Vous pouvez jouer des milliers de jeux Android sur grand \u00e9cran 4K et profiter de l&#8217;exp\u00e9rience de meilleure qualit\u00e9 avec moins de m\u00e9moire interm\u00e9diaire.<\/span><\/li>\n<li><span class=\"a-list-item\">\u3010Facile \u00e0 installer et facile \u00e0 utiliser\u3011Facile \u00e0 configurer et beaucoup de stockage de m\u00e9moire. Charge rapide avec Power Delivery, tout ce dont vous avez besoin.<\/span><\/li>\n<li><span class=\"a-list-item\">\u3010Service client\u3011Si vous avez des questions, veuillez nous contacter imm\u00e9diatement. Une \u00e9quipe technique professionnelle est \u00e0 votre disposition pour r\u00e9pondre \u00e0 vos questions et nous ferons de notre mieux pour vous aider.<\/span><\/li>\n<\/ul>","protected":false},"featured_media":12283,"comment_status":"open","ping_status":"closed","template":"","meta":[],"product_cat":[103],"product_tag":[],"class_list":{"0":"post-12282","1":"product","2":"type-product","3":"status-publish","4":"has-post-thumbnail","6":"product_cat-smart-tv-box","8":"first","9":"instock","10":"shipping-taxable","11":"purchasable","12":"product-type-simple"},"_links":{"self":[{"href":"https:\/\/electro-box.ma\/fr\/wp-json\/wp\/v2\/product\/12282","targetHints":{"allow":["GET"]}}],"collection":[{"href":"https:\/\/electro-box.ma\/fr\/wp-json\/wp\/v2\/product"}],"about":[{"href":"https:\/\/electro-box.ma\/fr\/wp-json\/wp\/v2\/types\/product"}],"replies":[{"embeddable":true,"href":"https:\/\/electro-box.ma\/fr\/wp-json\/wp\/v2\/comments?post=12282"}],"version-history":[{"count":1,"href":"https:\/\/electro-box.ma\/fr\/wp-json\/wp\/v2\/product\/12282\/revisions"}],"predecessor-version":[{"id":12284,"href":"https:\/\/electro-box.ma\/fr\/wp-json\/wp\/v2\/product\/12282\/revisions\/12284"}],"wp:featuredmedia":[{"embeddable":true,"href":"https:\/\/electro-box.ma\/fr\/wp-json\/wp\/v2\/media\/12283"}],"wp:attachment":[{"href":"https:\/\/electro-box.ma\/fr\/wp-json\/wp\/v2\/media?parent=12282"}],"wp:term":[{"taxonomy":"product_cat","embeddable":true,"href":"https:\/\/electro-box.ma\/fr\/wp-json\/wp\/v2\/product_cat?post=12282"},{"taxonomy":"product_tag","embeddable":true,"href":"https:\/\/electro-box.ma\/fr\/wp-json\/wp\/v2\/product_tag?post=12282"}],"curies":[{"name":"wp","href":"https:\/\/api.w.org\/{rel}","templated":true}]}}