{"id":12230,"date":"2021-10-20T21:28:03","date_gmt":"2021-10-20T21:28:03","guid":{"rendered":"http:\/\/electrobest.ma\/?post_type=product&#038;p=12230"},"modified":"2022-02-24T13:39:37","modified_gmt":"2022-02-24T13:39:37","slug":"mercusys-300-mbps-multimode-mw306r","status":"publish","type":"product","link":"https:\/\/electro-box.ma\/fr\/produit\/mercusys-300-mbps-multimode-mw306r\/","title":{"rendered":"MERCUSYS 300 Mbps Multimode MW306R"},"content":{"rendered":"","protected":false},"excerpt":{"rendered":"<ul>\n<li id=\"tw-target-text\" class=\"tw-data-text tw-text-large XcVN5d tw-ta\" data-placeholder=\"Traduction\"><span class=\"Y2IQFc\" lang=\"fr\">Wi-Fi stable pour votre utilisation quotidienne\u00a0\u2013\u00a0MW306R fournit des connexions rapides et stables pour r\u00e9pondre \u00e0 tous vos besoins de r\u00e9seau avec des vitesses allant jusqu\u2019\u00e0 300\u00a0Mbit\/s<\/span><\/li>\n<li id=\"tw-target-text\" class=\"tw-data-text tw-text-large XcVN5d tw-ta\" data-placeholder=\"Traduction\"><span class=\"Y2IQFc\" lang=\"fr\">Couverture plus large\u00a0\u2013 \u00c9quip\u00e9 de trois antennes externes \u00e0 gain \u00e9lev\u00e9 pour fournir des signaux Wi-Fi puissants dans tous les coins de votre maison<\/span><\/li>\n<li id=\"tw-target-text\" class=\"tw-data-text tw-text-large XcVN5d tw-ta\" data-placeholder=\"Traduction\"><span class=\"Y2IQFc\" lang=\"fr\">Multi-mode\u00a0: quatre modes dans un seul appareil pour r\u00e9pondre \u00e0 tous les sc\u00e9narios d\u2019application<\/span><\/li>\n<\/ul>","protected":false},"featured_media":12231,"comment_status":"open","ping_status":"closed","template":"","meta":[],"product_cat":[105],"product_tag":[],"class_list":{"0":"post-12230","1":"product","2":"type-product","3":"status-publish","4":"has-post-thumbnail","6":"product_cat-various-accessories","8":"first","9":"instock","10":"shipping-taxable","11":"purchasable","12":"product-type-simple"},"_links":{"self":[{"href":"https:\/\/electro-box.ma\/fr\/wp-json\/wp\/v2\/product\/12230","targetHints":{"allow":["GET"]}}],"collection":[{"href":"https:\/\/electro-box.ma\/fr\/wp-json\/wp\/v2\/product"}],"about":[{"href":"https:\/\/electro-box.ma\/fr\/wp-json\/wp\/v2\/types\/product"}],"replies":[{"embeddable":true,"href":"https:\/\/electro-box.ma\/fr\/wp-json\/wp\/v2\/comments?post=12230"}],"version-history":[{"count":1,"href":"https:\/\/electro-box.ma\/fr\/wp-json\/wp\/v2\/product\/12230\/revisions"}],"predecessor-version":[{"id":12232,"href":"https:\/\/electro-box.ma\/fr\/wp-json\/wp\/v2\/product\/12230\/revisions\/12232"}],"wp:featuredmedia":[{"embeddable":true,"href":"https:\/\/electro-box.ma\/fr\/wp-json\/wp\/v2\/media\/12231"}],"wp:attachment":[{"href":"https:\/\/electro-box.ma\/fr\/wp-json\/wp\/v2\/media?parent=12230"}],"wp:term":[{"taxonomy":"product_cat","embeddable":true,"href":"https:\/\/electro-box.ma\/fr\/wp-json\/wp\/v2\/product_cat?post=12230"},{"taxonomy":"product_tag","embeddable":true,"href":"https:\/\/electro-box.ma\/fr\/wp-json\/wp\/v2\/product_tag?post=12230"}],"curies":[{"name":"wp","href":"https:\/\/api.w.org\/{rel}","templated":true}]}}