{"id":12213,"date":"2021-10-20T21:18:48","date_gmt":"2021-10-20T21:18:48","guid":{"rendered":"http:\/\/electrobest.ma\/?post_type=product&#038;p=12213"},"modified":"2021-10-20T21:18:53","modified_gmt":"2021-10-20T21:18:53","slug":"mercusys-cpl-ac1200-me30-range-extender","status":"publish","type":"product","link":"https:\/\/electro-box.ma\/fr\/produit\/mercusys-cpl-ac1200-me30-range-extender\/","title":{"rendered":"MERCUSYS CPL AC1200 ME30 Range Extender"},"content":{"rendered":"","protected":false},"excerpt":{"rendered":"<ul>\n<li id=\"tw-target-text\" class=\"tw-data-text tw-text-large XcVN5d tw-ta\" data-placeholder=\"Traduction\"><span class=\"Y2IQFc\" lang=\"fr\">\u00c9limine les zones mortes Wi-Fi\u00a0\u2013\u00a0Am\u00e9liore parfaitement les signaux Wi-Fi vers des zones auparavant inaccessibles ou difficiles \u00e0 c\u00e2bler<\/span><\/li>\n<li><span class=\"Y2IQFc\" lang=\"fr\">WiFi bi-bande AC1200 \u2014 Gardez toute votre maison connect\u00e9e avec une forte extension WiFi \u00e0 une vitesse combin\u00e9e allant jusqu\u2019\u00e0 1,2 Gbit\/s<\/span><\/li>\n<li id=\"tw-target-text\" class=\"tw-data-text tw-text-large XcVN5d tw-ta\" data-placeholder=\"Traduction\"><span class=\"Y2IQFc\" lang=\"fr\">Configuration facile \u00e0 une touche \u2014 Appuyez simplement sur le bouton WPS pour \u00e9tendre votre couverture WiFi en quelques secondes<\/span><\/li>\n<li id=\"tw-target-text\" class=\"tw-data-text tw-text-large XcVN5d tw-ta\" data-placeholder=\"Traduction\"><span class=\"Y2IQFc\" lang=\"fr\">Indicateur de signal \u2013 La LED multicolore vous aide \u00e0 trouver le bon emplacement pour votre amplificateur de signal pour la meilleure extension WiFi<\/span><\/li>\n<\/ul>","protected":false},"featured_media":12225,"comment_status":"open","ping_status":"closed","template":"","meta":[],"product_cat":[105],"product_tag":[],"class_list":{"0":"post-12213","1":"product","2":"type-product","3":"status-publish","4":"has-post-thumbnail","6":"product_cat-various-accessories","8":"first","9":"instock","10":"shipping-taxable","11":"purchasable","12":"product-type-simple"},"_links":{"self":[{"href":"https:\/\/electro-box.ma\/fr\/wp-json\/wp\/v2\/product\/12213","targetHints":{"allow":["GET"]}}],"collection":[{"href":"https:\/\/electro-box.ma\/fr\/wp-json\/wp\/v2\/product"}],"about":[{"href":"https:\/\/electro-box.ma\/fr\/wp-json\/wp\/v2\/types\/product"}],"replies":[{"embeddable":true,"href":"https:\/\/electro-box.ma\/fr\/wp-json\/wp\/v2\/comments?post=12213"}],"version-history":[{"count":1,"href":"https:\/\/electro-box.ma\/fr\/wp-json\/wp\/v2\/product\/12213\/revisions"}],"predecessor-version":[{"id":12226,"href":"https:\/\/electro-box.ma\/fr\/wp-json\/wp\/v2\/product\/12213\/revisions\/12226"}],"wp:featuredmedia":[{"embeddable":true,"href":"https:\/\/electro-box.ma\/fr\/wp-json\/wp\/v2\/media\/12225"}],"wp:attachment":[{"href":"https:\/\/electro-box.ma\/fr\/wp-json\/wp\/v2\/media?parent=12213"}],"wp:term":[{"taxonomy":"product_cat","embeddable":true,"href":"https:\/\/electro-box.ma\/fr\/wp-json\/wp\/v2\/product_cat?post=12213"},{"taxonomy":"product_tag","embeddable":true,"href":"https:\/\/electro-box.ma\/fr\/wp-json\/wp\/v2\/product_tag?post=12213"}],"curies":[{"name":"wp","href":"https:\/\/api.w.org\/{rel}","templated":true}]}}