{"id":12185,"date":"2021-10-20T15:00:50","date_gmt":"2021-10-20T15:00:50","guid":{"rendered":"http:\/\/electrobest.ma\/?post_type=product&#038;p=12185"},"modified":"2022-01-24T09:15:45","modified_gmt":"2022-01-24T09:15:45","slug":"camera-hikvision-2ce76h0t-itmf-5mp-2-8mm-dome-20m","status":"publish","type":"product","link":"https:\/\/electro-box.ma\/fr\/produit\/camera-hikvision-2ce76h0t-itmf-5mp-2-8mm-dome-20m\/","title":{"rendered":"Camera Hikvision 2CE76H0T-ITMF (5MP) 2.8mm Dome 20m"},"content":{"rendered":"","protected":false},"excerpt":{"rendered":"<ul>\n<li>Cam\u00e9ra tourelle\u00a0<strong>5 MP<\/strong><\/li>\n<li>EXIR 2.0 : technologie infrarouge avanc\u00e9e avec une distance IR de\u00a0<strong>30 m<\/strong><\/li>\n<li>R\u00e9sistant \u00e0 l&#8217;eau et \u00e0 la poussi\u00e8re (<strong>IP67<\/strong>)<\/li>\n<li>4 en 1 (4 signaux commutables TVI\/AHD\/CVI\/CVBS)<\/li>\n<\/ul>","protected":false},"featured_media":12186,"comment_status":"open","ping_status":"closed","template":"","meta":[],"product_cat":[68],"product_tag":[],"class_list":{"0":"post-12185","1":"product","2":"type-product","3":"status-publish","4":"has-post-thumbnail","6":"product_cat-surveillance-camera","8":"first","9":"instock","10":"shipping-taxable","11":"product-type-simple"},"_links":{"self":[{"href":"https:\/\/electro-box.ma\/fr\/wp-json\/wp\/v2\/product\/12185","targetHints":{"allow":["GET"]}}],"collection":[{"href":"https:\/\/electro-box.ma\/fr\/wp-json\/wp\/v2\/product"}],"about":[{"href":"https:\/\/electro-box.ma\/fr\/wp-json\/wp\/v2\/types\/product"}],"replies":[{"embeddable":true,"href":"https:\/\/electro-box.ma\/fr\/wp-json\/wp\/v2\/comments?post=12185"}],"version-history":[{"count":1,"href":"https:\/\/electro-box.ma\/fr\/wp-json\/wp\/v2\/product\/12185\/revisions"}],"predecessor-version":[{"id":12187,"href":"https:\/\/electro-box.ma\/fr\/wp-json\/wp\/v2\/product\/12185\/revisions\/12187"}],"wp:featuredmedia":[{"embeddable":true,"href":"https:\/\/electro-box.ma\/fr\/wp-json\/wp\/v2\/media\/12186"}],"wp:attachment":[{"href":"https:\/\/electro-box.ma\/fr\/wp-json\/wp\/v2\/media?parent=12185"}],"wp:term":[{"taxonomy":"product_cat","embeddable":true,"href":"https:\/\/electro-box.ma\/fr\/wp-json\/wp\/v2\/product_cat?post=12185"},{"taxonomy":"product_tag","embeddable":true,"href":"https:\/\/electro-box.ma\/fr\/wp-json\/wp\/v2\/product_tag?post=12185"}],"curies":[{"name":"wp","href":"https:\/\/api.w.org\/{rel}","templated":true}]}}