{"id":12117,"date":"2021-10-19T16:16:35","date_gmt":"2021-10-19T16:16:35","guid":{"rendered":"http:\/\/electrobest.ma\/?post_type=product&#038;p=12117"},"modified":"2021-10-19T16:16:38","modified_gmt":"2021-10-19T16:16:38","slug":"dvr-hikvision-7204hghif1-2mp-turbo-hd-4ch","status":"publish","type":"product","link":"https:\/\/electro-box.ma\/fr\/produit\/dvr-hikvision-7204hghif1-2mp-turbo-hd-4ch\/","title":{"rendered":"DVR Hikvision 7204HGHIF1 (2MP) Turbo HD 4CH"},"content":{"rendered":"","protected":false},"excerpt":{"rendered":"<p>&gt;Entr\u00e9e audio: | 1 ch<br \/>\n&gt;Compression de vid\u00e9o: | H.264, H.264 +<br \/>\n&gt;Entr\u00e9e vid\u00e9o analogique et HD-TVI: | Interface BNC 16 canaux (1,0 Vp-p, 75 \u03a9)<br \/>\n&gt;Types de cam\u00e9ra pris en charge: | Entr\u00e9e HDTVI de soutien: 1080P \/ 25Hz, 1080P \/ 30Hz, 720P \/ 25Hz, 720P \/ 30Hz,<br \/>\nentr\u00e9e de soutien d&#8217;AHD: 720P \/ 25Hz, 720P \/ 30Hz,<br \/>\nappui entr\u00e9e de CVBS<br \/>\n&gt;Entr\u00e9e vid\u00e9o IP: | 2-ch Jusqu&#8217;\u00e0 une r\u00e9solution de 2MP<br \/>\n&gt;Compression audio: | G.711u<br \/>\n&gt;Interface d&#8217;entr\u00e9e audio: | RCA (2,0 Vp-p, 1 k\u03a9)<br \/>\n&gt;Audio bidirectionnel | 1 canal, RCA (2,0 Vp-p, 1 K\u03a9)<\/p>","protected":false},"featured_media":12118,"comment_status":"open","ping_status":"closed","template":"","meta":[],"product_cat":[96],"product_tag":[],"class_list":{"0":"post-12117","1":"product","2":"type-product","3":"status-publish","4":"has-post-thumbnail","6":"product_cat-dvr-xvr","8":"first","9":"instock","10":"shipping-taxable","11":"purchasable","12":"product-type-simple"},"_links":{"self":[{"href":"https:\/\/electro-box.ma\/fr\/wp-json\/wp\/v2\/product\/12117","targetHints":{"allow":["GET"]}}],"collection":[{"href":"https:\/\/electro-box.ma\/fr\/wp-json\/wp\/v2\/product"}],"about":[{"href":"https:\/\/electro-box.ma\/fr\/wp-json\/wp\/v2\/types\/product"}],"replies":[{"embeddable":true,"href":"https:\/\/electro-box.ma\/fr\/wp-json\/wp\/v2\/comments?post=12117"}],"version-history":[{"count":2,"href":"https:\/\/electro-box.ma\/fr\/wp-json\/wp\/v2\/product\/12117\/revisions"}],"predecessor-version":[{"id":12120,"href":"https:\/\/electro-box.ma\/fr\/wp-json\/wp\/v2\/product\/12117\/revisions\/12120"}],"wp:featuredmedia":[{"embeddable":true,"href":"https:\/\/electro-box.ma\/fr\/wp-json\/wp\/v2\/media\/12118"}],"wp:attachment":[{"href":"https:\/\/electro-box.ma\/fr\/wp-json\/wp\/v2\/media?parent=12117"}],"wp:term":[{"taxonomy":"product_cat","embeddable":true,"href":"https:\/\/electro-box.ma\/fr\/wp-json\/wp\/v2\/product_cat?post=12117"},{"taxonomy":"product_tag","embeddable":true,"href":"https:\/\/electro-box.ma\/fr\/wp-json\/wp\/v2\/product_tag?post=12117"}],"curies":[{"name":"wp","href":"https:\/\/api.w.org\/{rel}","templated":true}]}}