{"id":12113,"date":"2021-10-19T16:07:29","date_gmt":"2021-10-19T16:07:29","guid":{"rendered":"http:\/\/electrobest.ma\/?post_type=product&#038;p=12113"},"modified":"2021-10-19T16:07:32","modified_gmt":"2021-10-19T16:07:32","slug":"dvr-hikvision-7204hqhik1-e-5mp-up-to-4mp-turbo-hd-4ch","status":"publish","type":"product","link":"https:\/\/electro-box.ma\/fr\/produit\/dvr-hikvision-7204hqhik1-e-5mp-up-to-4mp-turbo-hd-4ch\/","title":{"rendered":"DVR Hikvision 7204HQHIK1\/E (5MP) &amp; (up to 4MP) Turbo HD 4CH"},"content":{"rendered":"","protected":false},"excerpt":{"rendered":"<p>&gt;Offrant 4 canaux de haute qualit\u00e9 jusqu\u2019\u00e0 3MP enregistrement 15FPS.<\/p>\n<p>&gt;Remarque: L\u2019entr\u00e9e de signal 3 MP est uniquement disponible pour le canal 1 de DS-7204HQHI-K1<\/p>\n<p>&gt;Fonctionnalit\u00e9s cl\u00e9s Hikvision DS-7204HQHI-K1 Turbo HD DVR: 5 en 1: HDTVI\/HDCVI\/AHD\/Analogique\/IP Entr\u00e9e vid\u00e9o analogique HD-TVI 4 canaux Lecture synchronis\u00e9e 4CH H.265 + Compression 1080P @ 25FPS HDMI \/ VGA 1 x entr\u00e9e audio 1 x sortie audio Contr\u00f4le PTZ Tribrid et 1 cam\u00e9ra IP (jusqu\u2019\u00e0 4MP) Stockage maximal de 10 To (1 interface SATA pour 1 disque dur) Garantie de 3 ans<\/p>\n<p>&gt;Enregistreur 5 en 1, 4 Voies en 3M\u00e9gapixel H.265+\/H.265\/H.264+\/H.264 encodage des canaux 4 Voies en 3 MP, 1 HDD 5 en 1: HDTVI\/HDCVI\/AHD\/Analogique\/IP Compression H265: Diminution de l\u2019espace de stockage de 70%, Am\u00e9lioration de la fluidit\u00e9 \u00e0 distance<\/p>","protected":false},"featured_media":12114,"comment_status":"open","ping_status":"closed","template":"","meta":[],"product_cat":[96],"product_tag":[],"class_list":{"0":"post-12113","1":"product","2":"type-product","3":"status-publish","4":"has-post-thumbnail","6":"product_cat-dvr-xvr","8":"first","9":"instock","10":"shipping-taxable","11":"purchasable","12":"product-type-simple"},"_links":{"self":[{"href":"https:\/\/electro-box.ma\/fr\/wp-json\/wp\/v2\/product\/12113","targetHints":{"allow":["GET"]}}],"collection":[{"href":"https:\/\/electro-box.ma\/fr\/wp-json\/wp\/v2\/product"}],"about":[{"href":"https:\/\/electro-box.ma\/fr\/wp-json\/wp\/v2\/types\/product"}],"replies":[{"embeddable":true,"href":"https:\/\/electro-box.ma\/fr\/wp-json\/wp\/v2\/comments?post=12113"}],"version-history":[{"count":2,"href":"https:\/\/electro-box.ma\/fr\/wp-json\/wp\/v2\/product\/12113\/revisions"}],"predecessor-version":[{"id":12116,"href":"https:\/\/electro-box.ma\/fr\/wp-json\/wp\/v2\/product\/12113\/revisions\/12116"}],"wp:featuredmedia":[{"embeddable":true,"href":"https:\/\/electro-box.ma\/fr\/wp-json\/wp\/v2\/media\/12114"}],"wp:attachment":[{"href":"https:\/\/electro-box.ma\/fr\/wp-json\/wp\/v2\/media?parent=12113"}],"wp:term":[{"taxonomy":"product_cat","embeddable":true,"href":"https:\/\/electro-box.ma\/fr\/wp-json\/wp\/v2\/product_cat?post=12113"},{"taxonomy":"product_tag","embeddable":true,"href":"https:\/\/electro-box.ma\/fr\/wp-json\/wp\/v2\/product_tag?post=12113"}],"curies":[{"name":"wp","href":"https:\/\/api.w.org\/{rel}","templated":true}]}}