{"id":11962,"date":"2021-10-08T11:05:22","date_gmt":"2021-10-08T11:05:22","guid":{"rendered":"http:\/\/electrobest.ma\/?post_type=product&#038;p=11962"},"modified":"2021-10-09T20:24:05","modified_gmt":"2021-10-09T20:24:05","slug":"dh-ipc-hdw2431t-as-s2-4mp-lite-ir-fixed-focal-eyeball-network-camera","status":"publish","type":"product","link":"https:\/\/electro-box.ma\/fr\/produit\/dh-ipc-hdw2431t-as-s2-4mp-lite-ir-fixed-focal-eyeball-network-camera\/","title":{"rendered":"DH-IPC-HDW2431T-AS-S2 4MP Lite IR Fixed-focal Eyeball Network Camera"},"content":{"rendered":"","protected":false},"excerpt":{"rendered":"<ul>\n<li>4MP, 1\/3\u201d CMOS capteur d&#8217;image, low illuminance, high image definition<\/li>\n<li>Sorties 4MP (2560 \u00d7 1440)@25\/30 fps, max. 4MP (2688 \u00d7 1520) @ 20 fps<\/li>\n<li>H.265 encodage, haute compression, ultra-low bit rate<\/li>\n<li>Distance IR max.: 30m<\/li>\n<li>ROI, SMART H.264\/H.265, encodage flexible, applicable \u00e0 divers environnements de bande passante et de stockage<\/li>\n<li>Mode de rotation, WDR, 3D DNR, HLC, BLC, digital watermarking, applicable \u00e0 divers environnements de surveillance<\/li>\n<li>D\u00e9tection intelligente: Intrusion, tripwire<\/li>\n<li>D\u00e9tection des anomalies: d\u00e9tection de mouvement, video tampering, pas de carte SD, carte SD pleine, erreur carte SD, connexion r\u00e9seau d\u00e9connect\u00e9e, conflit IP, acc\u00e8s ill\u00e9gal, d\u00e9tection de tension<\/li>\n<li>Soutient carte SD micro de max. 256 GB, micro int\u00e9gr\u00e9<\/li>\n<li>12V DC\/PoE alimentation<\/li>\n<li>IP67 protection<\/li>\n<\/ul>","protected":false},"featured_media":11963,"comment_status":"open","ping_status":"closed","template":"","meta":[],"product_cat":[68],"product_tag":[],"class_list":{"0":"post-11962","1":"product","2":"type-product","3":"status-publish","4":"has-post-thumbnail","6":"product_cat-surveillance-camera","8":"first","9":"instock","10":"shipping-taxable","11":"purchasable","12":"product-type-simple"},"_links":{"self":[{"href":"https:\/\/electro-box.ma\/fr\/wp-json\/wp\/v2\/product\/11962","targetHints":{"allow":["GET"]}}],"collection":[{"href":"https:\/\/electro-box.ma\/fr\/wp-json\/wp\/v2\/product"}],"about":[{"href":"https:\/\/electro-box.ma\/fr\/wp-json\/wp\/v2\/types\/product"}],"replies":[{"embeddable":true,"href":"https:\/\/electro-box.ma\/fr\/wp-json\/wp\/v2\/comments?post=11962"}],"version-history":[{"count":1,"href":"https:\/\/electro-box.ma\/fr\/wp-json\/wp\/v2\/product\/11962\/revisions"}],"predecessor-version":[{"id":11964,"href":"https:\/\/electro-box.ma\/fr\/wp-json\/wp\/v2\/product\/11962\/revisions\/11964"}],"wp:featuredmedia":[{"embeddable":true,"href":"https:\/\/electro-box.ma\/fr\/wp-json\/wp\/v2\/media\/11963"}],"wp:attachment":[{"href":"https:\/\/electro-box.ma\/fr\/wp-json\/wp\/v2\/media?parent=11962"}],"wp:term":[{"taxonomy":"product_cat","embeddable":true,"href":"https:\/\/electro-box.ma\/fr\/wp-json\/wp\/v2\/product_cat?post=11962"},{"taxonomy":"product_tag","embeddable":true,"href":"https:\/\/electro-box.ma\/fr\/wp-json\/wp\/v2\/product_tag?post=11962"}],"curies":[{"name":"wp","href":"https:\/\/api.w.org\/{rel}","templated":true}]}}