{"id":11950,"date":"2021-10-08T10:38:23","date_gmt":"2021-10-08T10:38:23","guid":{"rendered":"http:\/\/electrobest.ma\/?post_type=product&#038;p=11950"},"modified":"2025-02-27T03:28:03","modified_gmt":"2025-02-27T03:28:03","slug":"camera-dahua-8mp-bullet-ir-hdcvi-4k-en-temps-reel-hac-hfw1800tp","status":"publish","type":"product","link":"https:\/\/electro-box.ma\/fr\/produit\/camera-dahua-8mp-bullet-ir-hdcvi-4k-en-temps-reel-hac-hfw1800tp\/","title":{"rendered":"Cam\u00e9ra Dahua 8MP Bullet IR HDCVI 4K en temps r\u00e9el HAC-HFW1800TP"},"content":{"rendered":"","protected":false},"excerpt":{"rendered":"<ul>\n<li>Max. R\u00e9solution 4K, transmission vid\u00e9o en temps r\u00e9el<\/li>\n<li>CVI \/ CVBS \/ AHD \/ TVI commutable<\/li>\n<li>Micro int\u00e9gr\u00e9 (-A)<\/li>\n<li>Objectif fixe (2,8 mm; 3,6 mm; 6 mm en option)<\/li>\n<li>Max. Longueur IR 30m, Smart IR<\/li>\n<li>IP67, 12V \u00b1 30% DC<\/li>\n<\/ul>","protected":false},"featured_media":11951,"comment_status":"open","ping_status":"closed","template":"","meta":[],"product_cat":[68],"product_tag":[],"class_list":{"0":"post-11950","1":"product","2":"type-product","3":"status-publish","4":"has-post-thumbnail","6":"product_cat-surveillance-camera","8":"first","9":"instock","10":"shipping-taxable","11":"purchasable","12":"product-type-simple"},"_links":{"self":[{"href":"https:\/\/electro-box.ma\/fr\/wp-json\/wp\/v2\/product\/11950","targetHints":{"allow":["GET"]}}],"collection":[{"href":"https:\/\/electro-box.ma\/fr\/wp-json\/wp\/v2\/product"}],"about":[{"href":"https:\/\/electro-box.ma\/fr\/wp-json\/wp\/v2\/types\/product"}],"replies":[{"embeddable":true,"href":"https:\/\/electro-box.ma\/fr\/wp-json\/wp\/v2\/comments?post=11950"}],"version-history":[{"count":1,"href":"https:\/\/electro-box.ma\/fr\/wp-json\/wp\/v2\/product\/11950\/revisions"}],"predecessor-version":[{"id":11952,"href":"https:\/\/electro-box.ma\/fr\/wp-json\/wp\/v2\/product\/11950\/revisions\/11952"}],"wp:featuredmedia":[{"embeddable":true,"href":"https:\/\/electro-box.ma\/fr\/wp-json\/wp\/v2\/media\/11951"}],"wp:attachment":[{"href":"https:\/\/electro-box.ma\/fr\/wp-json\/wp\/v2\/media?parent=11950"}],"wp:term":[{"taxonomy":"product_cat","embeddable":true,"href":"https:\/\/electro-box.ma\/fr\/wp-json\/wp\/v2\/product_cat?post=11950"},{"taxonomy":"product_tag","embeddable":true,"href":"https:\/\/electro-box.ma\/fr\/wp-json\/wp\/v2\/product_tag?post=11950"}],"curies":[{"name":"wp","href":"https:\/\/api.w.org\/{rel}","templated":true}]}}