{"id":11944,"date":"2021-10-08T10:20:38","date_gmt":"2021-10-08T10:20:38","guid":{"rendered":"http:\/\/electrobest.ma\/?post_type=product&#038;p=11944"},"modified":"2025-09-17T19:30:33","modified_gmt":"2025-09-17T19:30:33","slug":"hac-hfw1239t-led-2m-full-color-starlight-hdcvi-bullet-camera","status":"publish","type":"product","link":"https:\/\/electro-box.ma\/fr\/produit\/hac-hfw1239t-led-2m-full-color-starlight-hdcvi-bullet-camera\/","title":{"rendered":"HAC-HFW1239T-LED 2M de Plein-couleur de la lumi\u00e8re des \u00e9toiles HDCVI Cam\u00e9ra Bullet"},"content":{"rendered":"","protected":false},"excerpt":{"rendered":"<p>&gt; Full-color starlight<br \/>\n&gt; 20m LED distance<br \/>\n&gt; Max.\u00a030fps@1080P<br \/>\n&gt; CVI\/CVBS\/AHD\/TVI Switchable<br \/>\n&gt; Built-in mic(-A)<br \/>\n&gt; 3.6mm fixed lens<br \/>\n&gt; IP67, DC12V\u00b130% DC<\/p>","protected":false},"featured_media":11945,"comment_status":"open","ping_status":"closed","template":"","meta":[],"product_cat":[68],"product_tag":[],"class_list":{"0":"post-11944","1":"product","2":"type-product","3":"status-publish","4":"has-post-thumbnail","6":"product_cat-surveillance-camera","8":"first","9":"instock","10":"shipping-taxable","11":"purchasable","12":"product-type-simple"},"_links":{"self":[{"href":"https:\/\/electro-box.ma\/fr\/wp-json\/wp\/v2\/product\/11944","targetHints":{"allow":["GET"]}}],"collection":[{"href":"https:\/\/electro-box.ma\/fr\/wp-json\/wp\/v2\/product"}],"about":[{"href":"https:\/\/electro-box.ma\/fr\/wp-json\/wp\/v2\/types\/product"}],"replies":[{"embeddable":true,"href":"https:\/\/electro-box.ma\/fr\/wp-json\/wp\/v2\/comments?post=11944"}],"version-history":[{"count":1,"href":"https:\/\/electro-box.ma\/fr\/wp-json\/wp\/v2\/product\/11944\/revisions"}],"predecessor-version":[{"id":11946,"href":"https:\/\/electro-box.ma\/fr\/wp-json\/wp\/v2\/product\/11944\/revisions\/11946"}],"wp:featuredmedia":[{"embeddable":true,"href":"https:\/\/electro-box.ma\/fr\/wp-json\/wp\/v2\/media\/11945"}],"wp:attachment":[{"href":"https:\/\/electro-box.ma\/fr\/wp-json\/wp\/v2\/media?parent=11944"}],"wp:term":[{"taxonomy":"product_cat","embeddable":true,"href":"https:\/\/electro-box.ma\/fr\/wp-json\/wp\/v2\/product_cat?post=11944"},{"taxonomy":"product_tag","embeddable":true,"href":"https:\/\/electro-box.ma\/fr\/wp-json\/wp\/v2\/product_tag?post=11944"}],"curies":[{"name":"wp","href":"https:\/\/api.w.org\/{rel}","templated":true}]}}