{"id":11935,"date":"2021-10-08T09:40:43","date_gmt":"2021-10-08T09:40:43","guid":{"rendered":"http:\/\/electrobest.ma\/?post_type=product&#038;p=11935"},"modified":"2021-10-09T20:24:09","modified_gmt":"2021-10-09T20:24:09","slug":"4-mp-ip-camera-with-wdr-dahua-dh-ipc-hfw1431s1p-s4-2-8-mm","status":"publish","type":"product","link":"https:\/\/electro-box.ma\/fr\/produit\/4-mp-ip-camera-with-wdr-dahua-dh-ipc-hfw1431s1p-s4-2-8-mm\/","title":{"rendered":"4 MP cam\u00e9ra IP avec WDR Dahua DH-CIB-HFW1431S1P-S4 (2,8 mm)"},"content":{"rendered":"","protected":false},"excerpt":{"rendered":"<p>4MP, 1\/3\u201d capteur d&#039;image CMOS, faible \u00e9clairement, de la haute d\u00e9finition de l&#039;image<br \/>\n\u00b7 Sorties 4MP (2560 \u00d7 1440) @25\/30 fps, et prend en charge max. 4MP<br \/>\n(2688 \u00d7 1520) @20 fps<br \/>\n\u00b7 H. 265 codec, taux de compression \u00e9lev\u00e9, ultra-faible d\u00e9bit<br \/>\n\u00b7 Built-in LED IR, max. IR distance: 30 m<br \/>\n\u00b7 ROI, SMART H. 264\/H. 265, flexible de codage, applicables \u00e0 divers<br \/>\nla bande passante et les environnements de stockage<br \/>\n\u00b7 Rotation de l&#039;Image, WDR, 3D DNR, HLC, BLC, tatouage num\u00e9rique,<br \/>\napplicables \u00e0 diverses sc\u00e8nes de suivi<br \/>\n\u00b7 Anomalie de d\u00e9tection: d\u00e9tection de Mouvement, vid\u00e9o alt\u00e9ration, r\u00e9seau<br \/>\nla d\u00e9connexion, le conflit d&#039;adresse IP, l&#039;acc\u00e8s ill\u00e9gal, de d\u00e9tection de tension<br \/>\n\u00b7 12V DC\/PoE support<br \/>\n\u00b7 IP67, la protection de l&#039;<\/p>","protected":false},"featured_media":11936,"comment_status":"open","ping_status":"closed","template":"","meta":[],"product_cat":[68],"product_tag":[],"class_list":{"0":"post-11935","1":"product","2":"type-product","3":"status-publish","4":"has-post-thumbnail","6":"product_cat-surveillance-camera","8":"first","9":"instock","10":"shipping-taxable","11":"purchasable","12":"product-type-simple"},"_links":{"self":[{"href":"https:\/\/electro-box.ma\/fr\/wp-json\/wp\/v2\/product\/11935","targetHints":{"allow":["GET"]}}],"collection":[{"href":"https:\/\/electro-box.ma\/fr\/wp-json\/wp\/v2\/product"}],"about":[{"href":"https:\/\/electro-box.ma\/fr\/wp-json\/wp\/v2\/types\/product"}],"replies":[{"embeddable":true,"href":"https:\/\/electro-box.ma\/fr\/wp-json\/wp\/v2\/comments?post=11935"}],"version-history":[{"count":1,"href":"https:\/\/electro-box.ma\/fr\/wp-json\/wp\/v2\/product\/11935\/revisions"}],"predecessor-version":[{"id":11937,"href":"https:\/\/electro-box.ma\/fr\/wp-json\/wp\/v2\/product\/11935\/revisions\/11937"}],"wp:featuredmedia":[{"embeddable":true,"href":"https:\/\/electro-box.ma\/fr\/wp-json\/wp\/v2\/media\/11936"}],"wp:attachment":[{"href":"https:\/\/electro-box.ma\/fr\/wp-json\/wp\/v2\/media?parent=11935"}],"wp:term":[{"taxonomy":"product_cat","embeddable":true,"href":"https:\/\/electro-box.ma\/fr\/wp-json\/wp\/v2\/product_cat?post=11935"},{"taxonomy":"product_tag","embeddable":true,"href":"https:\/\/electro-box.ma\/fr\/wp-json\/wp\/v2\/product_tag?post=11935"}],"curies":[{"name":"wp","href":"https:\/\/api.w.org\/{rel}","templated":true}]}}