{"id":11930,"date":"2021-10-07T19:34:28","date_gmt":"2021-10-07T19:34:28","guid":{"rendered":"http:\/\/electrobest.ma\/?post_type=product&#038;p=11930"},"modified":"2021-10-09T20:24:10","modified_gmt":"2021-10-09T20:24:10","slug":"ipc-hdw1230t1-s4-2mp-entry-ir-fixed-focal-eyeball-netwok-camera","status":"publish","type":"product","link":"https:\/\/electro-box.ma\/fr\/produit\/ipc-hdw1230t1-s4-2mp-entry-ir-fixed-focal-eyeball-netwok-camera\/","title":{"rendered":"IPC-HDW1230T1-S4 2 mpx \u00e0 l&#039;Entr\u00e9e IR Fixe-Focale Globe oculaire Netwok Cam\u00e9ra"},"content":{"rendered":"","protected":false},"excerpt":{"rendered":"<p>2MP, 1\/2.7\u201d CMOS image sensor, low illuminance, high image definition<br \/>\n&gt; Outputs max. 2MP (1920 \u00d7 1080) @25\/30 fps<br \/>\n&gt; H.265 codec, high compression rate, ultra-low bit rate<br \/>\n&gt; Built-in IR LED, max. IR distance: 30 m<br \/>\n&gt; ROI, SMART H.264\/H.265, flexible coding, applicable to various bandwidth and storage environments<br \/>\n&gt; Rotation mode, DWDR, 3D DNR, HLC, BLC, digital watermarking, applicable to various monitoring scenes<br \/>\n&gt; Abnormality detection: Motion detection, video tampering, network disconnection, IP conflict, illegal access<br \/>\n&gt; 12V DC\/PoE power support<br \/>\n&gt; IP67 protection<\/p>","protected":false},"featured_media":11931,"comment_status":"open","ping_status":"closed","template":"","meta":[],"product_cat":[68],"product_tag":[],"class_list":{"0":"post-11930","1":"product","2":"type-product","3":"status-publish","4":"has-post-thumbnail","6":"product_cat-surveillance-camera","8":"first","9":"instock","10":"shipping-taxable","11":"purchasable","12":"product-type-simple"},"_links":{"self":[{"href":"https:\/\/electro-box.ma\/fr\/wp-json\/wp\/v2\/product\/11930","targetHints":{"allow":["GET"]}}],"collection":[{"href":"https:\/\/electro-box.ma\/fr\/wp-json\/wp\/v2\/product"}],"about":[{"href":"https:\/\/electro-box.ma\/fr\/wp-json\/wp\/v2\/types\/product"}],"replies":[{"embeddable":true,"href":"https:\/\/electro-box.ma\/fr\/wp-json\/wp\/v2\/comments?post=11930"}],"version-history":[{"count":1,"href":"https:\/\/electro-box.ma\/fr\/wp-json\/wp\/v2\/product\/11930\/revisions"}],"predecessor-version":[{"id":11932,"href":"https:\/\/electro-box.ma\/fr\/wp-json\/wp\/v2\/product\/11930\/revisions\/11932"}],"wp:featuredmedia":[{"embeddable":true,"href":"https:\/\/electro-box.ma\/fr\/wp-json\/wp\/v2\/media\/11931"}],"wp:attachment":[{"href":"https:\/\/electro-box.ma\/fr\/wp-json\/wp\/v2\/media?parent=11930"}],"wp:term":[{"taxonomy":"product_cat","embeddable":true,"href":"https:\/\/electro-box.ma\/fr\/wp-json\/wp\/v2\/product_cat?post=11930"},{"taxonomy":"product_tag","embeddable":true,"href":"https:\/\/electro-box.ma\/fr\/wp-json\/wp\/v2\/product_tag?post=11930"}],"curies":[{"name":"wp","href":"https:\/\/api.w.org\/{rel}","templated":true}]}}