{"id":11891,"date":"2021-10-05T19:50:21","date_gmt":"2021-10-05T19:50:21","guid":{"rendered":"http:\/\/electrobest.ma\/?post_type=product&#038;p=11891"},"modified":"2021-10-05T20:01:11","modified_gmt":"2021-10-05T20:01:11","slug":"archer-ax50-3000-mbps-bi-bande-gigabit-wi-fi-6-point-dacces","status":"publish","type":"product","link":"https:\/\/electro-box.ma\/fr\/produit\/archer-ax50-3000-mbps-bi-bande-gigabit-wi-fi-6-point-dacces\/","title":{"rendered":"Archer AX50 \u2013 3000 Mbps Bi-bande Gigabit \u2013 Wi-Fi 6 \u2013 Point d\u2019acc\u00e8s"},"content":{"rendered":"","protected":false},"excerpt":{"rendered":"<ul>\n<li><strong>\u00a0\u00a0D\u00e9bit\u00a0 WiFi 6 Gigabit nouvelle g\u00e9n\u00e9ration \u2013\u00a0<\/strong>2402 Mbps sur 5 GHz et 574 Mbps sur la bande 2,4 GHz pour un streaming vid\u00e9o plus fluide et des t\u00e9l\u00e9chargements plus rapides.<\/li>\n<li>\u00a0 \u00a0\u00a0<strong>Connecter plus d\u2019appareils<\/strong>\u00a0\u2013 les\u00a0technologies OFDMA et MU-MIMO augmentent la capacit\u00e9 de 4 fois pour permettre la transmission simultan\u00e9e vers plus de p\u00e9riph\u00e9riques.<\/li>\n<li>\u00a0 \u00a0 \u00a0<strong>Latence ultra faible \u2013<\/strong>\u00a0une r\u00e9duction de la latence pouvant atteindre 75% permet des discussions et des jeux vid\u00e9o plus r\u00e9actifs.<\/li>\n<li>\u00a0 \u00a0 \u00a0<strong>Large couverture WiFi \u2013<\/strong>\u00a04 antennes externes \u00e0 gain \u00e9lev\u00e9 et la technologie Beamforming se combinent pour \u00e9tendre le WiFi puissant et fiable dans toute votre maison.<\/li>\n<li>\u00a0 \u00a0 \u00a0<strong>S\u00e9curit\u00e9 renforc\u00e9e<\/strong>\u00a0\u2013 WiFi plus s\u00e9curis\u00e9 et plus fiable avec TP-Link HomeCare\u2122.<\/li>\n<li>\u00a0 \u00a0\u00a0<strong>\u00a0Connexions fiables<\/strong>\u00a0\u2013 le chipset Intel\u00ae Home WiFi augmente consid\u00e9rablement la vitesse de traitement pour offrir des performances WiFi 6 Gig + sup\u00e9rieures.<\/li>\n<li>\u00a0 \u00a0<strong>\u00a0\u00a0Longue<\/strong>\u00a0<strong>dur\u00e9e de vie de la batterie \u2013\u00a0<\/strong>l\u2019heure de r\u00e9veil cible aide vos appareils \u00e0 communiquer plus tout en consommant moins d\u2019\u00e9nergie.<\/li>\n<li>\u00a0 \u00a0\u00a0<strong>Compatible avec Alexa<\/strong>\u00a0\u2013 Contr\u00f4lez votre routeur via des commandes vocales et simplifiez-vous la vie avec Amazon Alexa.<\/li>\n<\/ul>","protected":false},"featured_media":11893,"comment_status":"open","ping_status":"closed","template":"","meta":[],"product_cat":[105],"product_tag":[],"class_list":{"0":"post-11891","1":"product","2":"type-product","3":"status-publish","4":"has-post-thumbnail","6":"product_cat-various-accessories","8":"first","9":"instock","10":"sale","11":"shipping-taxable","12":"purchasable","13":"product-type-simple"},"_links":{"self":[{"href":"https:\/\/electro-box.ma\/fr\/wp-json\/wp\/v2\/product\/11891","targetHints":{"allow":["GET"]}}],"collection":[{"href":"https:\/\/electro-box.ma\/fr\/wp-json\/wp\/v2\/product"}],"about":[{"href":"https:\/\/electro-box.ma\/fr\/wp-json\/wp\/v2\/types\/product"}],"replies":[{"embeddable":true,"href":"https:\/\/electro-box.ma\/fr\/wp-json\/wp\/v2\/comments?post=11891"}],"version-history":[{"count":1,"href":"https:\/\/electro-box.ma\/fr\/wp-json\/wp\/v2\/product\/11891\/revisions"}],"predecessor-version":[{"id":11900,"href":"https:\/\/electro-box.ma\/fr\/wp-json\/wp\/v2\/product\/11891\/revisions\/11900"}],"wp:featuredmedia":[{"embeddable":true,"href":"https:\/\/electro-box.ma\/fr\/wp-json\/wp\/v2\/media\/11893"}],"wp:attachment":[{"href":"https:\/\/electro-box.ma\/fr\/wp-json\/wp\/v2\/media?parent=11891"}],"wp:term":[{"taxonomy":"product_cat","embeddable":true,"href":"https:\/\/electro-box.ma\/fr\/wp-json\/wp\/v2\/product_cat?post=11891"},{"taxonomy":"product_tag","embeddable":true,"href":"https:\/\/electro-box.ma\/fr\/wp-json\/wp\/v2\/product_tag?post=11891"}],"curies":[{"name":"wp","href":"https:\/\/api.w.org\/{rel}","templated":true}]}}