{"id":11884,"date":"2021-10-05T19:46:21","date_gmt":"2021-10-05T19:46:21","guid":{"rendered":"http:\/\/electrobest.ma\/?post_type=product&#038;p=11884"},"modified":"2021-10-05T20:03:17","modified_gmt":"2021-10-05T20:03:17","slug":"kit-2-cpl-av600-wifi-n-300-mbps-tl-wpa4220kit","status":"publish","type":"product","link":"https:\/\/electro-box.ma\/fr\/produit\/kit-2-cpl-av600-wifi-n-300-mbps-tl-wpa4220kit\/","title":{"rendered":"Kit 2 CPL AV600 + WiFi N 300 Mbps \u2013 TL-WPA4220KIT"},"content":{"rendered":"","protected":false},"excerpt":{"rendered":"<ul>\n<li>D\u00e9bits CPL jusqu\u2019\u00e0 600 Mbps via votre r\u00e9seau \u00e9lectrique, c\u2019est id\u00e9al pour diffuser des vid\u00e9os 4K\u00a0ou HD fluides et jouer en ligne.<\/li>\n<li>Etend le r\u00e9seau WiFi \u00e0 une vitesse de 300 Mbps jusqu\u2019aux zones WiFi priv\u00e9es jusqu\u2019\u00e0 maintenant de WiFi.<\/li>\n<li>Extension de la port\u00e9e WiFi\u00a0d\u2019un simple appui sur le bouton WiFi Clone, simplifie la configuration de votre r\u00e9seau WiFi et vous aide \u00e0 cr\u00e9er un r\u00e9seau unique\u00a0sans difficult\u00e9s.<\/li>\n<li>Compatible avec toutes les\u00a0box du march\u00e9, et routeurs\/points d\u2019acc\u00e8s WiFi<\/li>\n<\/ul>","protected":false},"featured_media":11886,"comment_status":"open","ping_status":"closed","template":"","meta":[],"product_cat":[105],"product_tag":[],"class_list":{"0":"post-11884","1":"product","2":"type-product","3":"status-publish","4":"has-post-thumbnail","6":"product_cat-various-accessories","8":"first","9":"instock","10":"sale","11":"shipping-taxable","12":"purchasable","13":"product-type-simple"},"_links":{"self":[{"href":"https:\/\/electro-box.ma\/fr\/wp-json\/wp\/v2\/product\/11884","targetHints":{"allow":["GET"]}}],"collection":[{"href":"https:\/\/electro-box.ma\/fr\/wp-json\/wp\/v2\/product"}],"about":[{"href":"https:\/\/electro-box.ma\/fr\/wp-json\/wp\/v2\/types\/product"}],"replies":[{"embeddable":true,"href":"https:\/\/electro-box.ma\/fr\/wp-json\/wp\/v2\/comments?post=11884"}],"version-history":[{"count":1,"href":"https:\/\/electro-box.ma\/fr\/wp-json\/wp\/v2\/product\/11884\/revisions"}],"predecessor-version":[{"id":11890,"href":"https:\/\/electro-box.ma\/fr\/wp-json\/wp\/v2\/product\/11884\/revisions\/11890"}],"wp:featuredmedia":[{"embeddable":true,"href":"https:\/\/electro-box.ma\/fr\/wp-json\/wp\/v2\/media\/11886"}],"wp:attachment":[{"href":"https:\/\/electro-box.ma\/fr\/wp-json\/wp\/v2\/media?parent=11884"}],"wp:term":[{"taxonomy":"product_cat","embeddable":true,"href":"https:\/\/electro-box.ma\/fr\/wp-json\/wp\/v2\/product_cat?post=11884"},{"taxonomy":"product_tag","embeddable":true,"href":"https:\/\/electro-box.ma\/fr\/wp-json\/wp\/v2\/product_tag?post=11884"}],"curies":[{"name":"wp","href":"https:\/\/api.w.org\/{rel}","templated":true}]}}