{"id":11861,"date":"2021-10-05T19:38:35","date_gmt":"2021-10-05T19:38:35","guid":{"rendered":"http:\/\/electrobest.ma\/?post_type=product&#038;p=11861"},"modified":"2021-10-05T20:03:44","modified_gmt":"2021-10-05T20:03:44","slug":"switch-de-bureau-8-ports-gigabit-tl-sg1008d","status":"publish","type":"product","link":"https:\/\/electro-box.ma\/fr\/produit\/switch-de-bureau-8-ports-gigabit-tl-sg1008d\/","title":{"rendered":"Switch de bureau 8 ports Gigabit \u2013 TL-SG1008D"},"content":{"rendered":"","protected":false},"excerpt":{"rendered":"<ul>\n<li>8 ports RJ45 Gigabit auto-n\u00e9gociation, fonction Auto MDI\/MDX<\/li>\n<li>Technologie innovante Green Ethernet\u00a0g\u00e9n\u00e9rant\u00a0jusqu\u2019\u00e0 80 % d\u2019\u00e9conomie d\u2019\u00e9nergie<\/li>\n<li>Le contr\u00f4le de flux IEEE 802.3x fournit un transfert de donn\u00e9es fiable<\/li>\n<li>Bo\u00eetier\u00a0plastique\u00a0con\u00e7u pour \u00eatre install\u00e9 sur un bureau ou au\u00a0mur<\/li>\n<li>Plug-and-Play, aucune configuration requise<\/li>\n<\/ul>","protected":false},"featured_media":11867,"comment_status":"open","ping_status":"closed","template":"","meta":[],"product_cat":[105],"product_tag":[],"class_list":{"0":"post-11861","1":"product","2":"type-product","3":"status-publish","4":"has-post-thumbnail","6":"product_cat-various-accessories","8":"first","9":"instock","10":"sale","11":"shipping-taxable","12":"purchasable","13":"product-type-simple"},"_links":{"self":[{"href":"https:\/\/electro-box.ma\/fr\/wp-json\/wp\/v2\/product\/11861","targetHints":{"allow":["GET"]}}],"collection":[{"href":"https:\/\/electro-box.ma\/fr\/wp-json\/wp\/v2\/product"}],"about":[{"href":"https:\/\/electro-box.ma\/fr\/wp-json\/wp\/v2\/types\/product"}],"replies":[{"embeddable":true,"href":"https:\/\/electro-box.ma\/fr\/wp-json\/wp\/v2\/comments?post=11861"}],"version-history":[{"count":1,"href":"https:\/\/electro-box.ma\/fr\/wp-json\/wp\/v2\/product\/11861\/revisions"}],"predecessor-version":[{"id":11868,"href":"https:\/\/electro-box.ma\/fr\/wp-json\/wp\/v2\/product\/11861\/revisions\/11868"}],"wp:featuredmedia":[{"embeddable":true,"href":"https:\/\/electro-box.ma\/fr\/wp-json\/wp\/v2\/media\/11867"}],"wp:attachment":[{"href":"https:\/\/electro-box.ma\/fr\/wp-json\/wp\/v2\/media?parent=11861"}],"wp:term":[{"taxonomy":"product_cat","embeddable":true,"href":"https:\/\/electro-box.ma\/fr\/wp-json\/wp\/v2\/product_cat?post=11861"},{"taxonomy":"product_tag","embeddable":true,"href":"https:\/\/electro-box.ma\/fr\/wp-json\/wp\/v2\/product_tag?post=11861"}],"curies":[{"name":"wp","href":"https:\/\/api.w.org\/{rel}","templated":true}]}}