{"id":11849,"date":"2021-10-05T19:34:55","date_gmt":"2021-10-05T19:34:55","guid":{"rendered":"http:\/\/electrobest.ma\/?post_type=product&#038;p=11849"},"modified":"2025-05-11T04:08:44","modified_gmt":"2025-05-11T04:08:44","slug":"point-dacces-wifi-n-450-mbps-tl-wr940n","status":"publish","type":"product","link":"https:\/\/electro-box.ma\/fr\/produit\/point-dacces-wifi-n-450-mbps-tl-wr940n\/","title":{"rendered":"Point d&#039;acc\u00e8s WiFi N 450 Mbps \u2013 TL-WR940N"},"content":{"rendered":"","protected":false},"excerpt":{"rendered":"<ul>\n<li>Le d\u00e9bit WiFi de 450\u00a0Mbps est id\u00e9al pour les applications sensibles aux interruptions telles que le streaming vid\u00e9o HD<\/li>\n<li>Trois antennes renforcent consid\u00e9rablement la solidit\u00e9 et la stabilit\u00e9 de la connexion WiFi.<\/li>\n<li>Une simple pression sur le bouton WPS permet de s\u00e9curiser facilement la connexion WiFi par chiffrement<\/li>\n<li>Prend en charge 3 modes: Routeur, R\u00e9p\u00e9teur\u00a0et Point d\u2019acc\u00e8s<\/li>\n<li>Le contr\u00f4le de bande passante par IP permet aux administrateurs de d\u00e9terminer la largeur de bande attribu\u00e9e \u00e0 chaque PC<\/li>\n<\/ul>","protected":false},"featured_media":11850,"comment_status":"open","ping_status":"closed","template":"","meta":[],"product_cat":[105],"product_tag":[],"class_list":{"0":"post-11849","1":"product","2":"type-product","3":"status-publish","4":"has-post-thumbnail","6":"product_cat-various-accessories","8":"first","9":"instock","10":"sale","11":"shipping-taxable","12":"purchasable","13":"product-type-simple"},"_links":{"self":[{"href":"https:\/\/electro-box.ma\/fr\/wp-json\/wp\/v2\/product\/11849","targetHints":{"allow":["GET"]}}],"collection":[{"href":"https:\/\/electro-box.ma\/fr\/wp-json\/wp\/v2\/product"}],"about":[{"href":"https:\/\/electro-box.ma\/fr\/wp-json\/wp\/v2\/types\/product"}],"replies":[{"embeddable":true,"href":"https:\/\/electro-box.ma\/fr\/wp-json\/wp\/v2\/comments?post=11849"}],"version-history":[{"count":1,"href":"https:\/\/electro-box.ma\/fr\/wp-json\/wp\/v2\/product\/11849\/revisions"}],"predecessor-version":[{"id":11854,"href":"https:\/\/electro-box.ma\/fr\/wp-json\/wp\/v2\/product\/11849\/revisions\/11854"}],"wp:featuredmedia":[{"embeddable":true,"href":"https:\/\/electro-box.ma\/fr\/wp-json\/wp\/v2\/media\/11850"}],"wp:attachment":[{"href":"https:\/\/electro-box.ma\/fr\/wp-json\/wp\/v2\/media?parent=11849"}],"wp:term":[{"taxonomy":"product_cat","embeddable":true,"href":"https:\/\/electro-box.ma\/fr\/wp-json\/wp\/v2\/product_cat?post=11849"},{"taxonomy":"product_tag","embeddable":true,"href":"https:\/\/electro-box.ma\/fr\/wp-json\/wp\/v2\/product_tag?post=11849"}],"curies":[{"name":"wp","href":"https:\/\/api.w.org\/{rel}","templated":true}]}}