{"id":11843,"date":"2021-10-05T19:33:06","date_gmt":"2021-10-05T19:33:06","guid":{"rendered":"http:\/\/electrobest.ma\/?post_type=product&#038;p=11843"},"modified":"2022-12-01T13:28:13","modified_gmt":"2022-12-01T13:28:13","slug":"routeur-adsl2-wifi-n-300-mbps-td-w8961n","status":"publish","type":"product","link":"https:\/\/electro-box.ma\/fr\/produit\/routeur-adsl2-wifi-n-300-mbps-td-w8961n\/","title":{"rendered":"Routeur ADSL2+ WiFi N 300 Mbps \u2013 TD-W8961N"},"content":{"rendered":"","protected":false},"excerpt":{"rendered":"<ul>\n<li>Appareil tout-en-un: modem ADSL2 +, routeur NAT, switch 4 ports et point d\u2019acc\u00e8s WiFi N<\/li>\n<li>D\u00e9bit WiFi\u00a0N jusqu\u2019\u00e0 300 Mbits \/ s le rend id\u00e9al pour les applications gourmandes en bande passante ou sensibles aux interruptions telles que les jeux en ligne, les appels Internet et m\u00eame le streaming vid\u00e9o HD<\/li>\n<li>L\u2019assistant de configuration facile avec support multilingue permet une installation rapide et sans probl\u00e8me<\/li>\n<li>Chiffrement de s\u00e9curit\u00e9 WiFi \u00e0 une touche avec le bouton \u2018WPS\u2019 et le bouton marche \/ arr\u00eat facile du WiFi<\/li>\n<\/ul>","protected":false},"featured_media":11845,"comment_status":"open","ping_status":"closed","template":"","meta":[],"product_cat":[105],"product_tag":[],"class_list":{"0":"post-11843","1":"product","2":"type-product","3":"status-publish","4":"has-post-thumbnail","6":"product_cat-various-accessories","8":"first","9":"instock","10":"sale","11":"shipping-taxable","12":"purchasable","13":"product-type-simple"},"_links":{"self":[{"href":"https:\/\/electro-box.ma\/fr\/wp-json\/wp\/v2\/product\/11843","targetHints":{"allow":["GET"]}}],"collection":[{"href":"https:\/\/electro-box.ma\/fr\/wp-json\/wp\/v2\/product"}],"about":[{"href":"https:\/\/electro-box.ma\/fr\/wp-json\/wp\/v2\/types\/product"}],"replies":[{"embeddable":true,"href":"https:\/\/electro-box.ma\/fr\/wp-json\/wp\/v2\/comments?post=11843"}],"version-history":[{"count":1,"href":"https:\/\/electro-box.ma\/fr\/wp-json\/wp\/v2\/product\/11843\/revisions"}],"predecessor-version":[{"id":11848,"href":"https:\/\/electro-box.ma\/fr\/wp-json\/wp\/v2\/product\/11843\/revisions\/11848"}],"wp:featuredmedia":[{"embeddable":true,"href":"https:\/\/electro-box.ma\/fr\/wp-json\/wp\/v2\/media\/11845"}],"wp:attachment":[{"href":"https:\/\/electro-box.ma\/fr\/wp-json\/wp\/v2\/media?parent=11843"}],"wp:term":[{"taxonomy":"product_cat","embeddable":true,"href":"https:\/\/electro-box.ma\/fr\/wp-json\/wp\/v2\/product_cat?post=11843"},{"taxonomy":"product_tag","embeddable":true,"href":"https:\/\/electro-box.ma\/fr\/wp-json\/wp\/v2\/product_tag?post=11843"}],"curies":[{"name":"wp","href":"https:\/\/api.w.org\/{rel}","templated":true}]}}