{"id":11834,"date":"2021-10-05T18:09:17","date_gmt":"2021-10-05T18:09:17","guid":{"rendered":"http:\/\/electrobest.ma\/?post_type=product&#038;p=11834"},"modified":"2023-10-20T15:04:38","modified_gmt":"2023-10-20T15:04:38","slug":"tp-link-tl-wr844n-routeur-wi-fi-multimode","status":"publish","type":"product","link":"https:\/\/electro-box.ma\/fr\/produit\/tp-link-tl-wr844n-routeur-wi-fi-multimode\/","title":{"rendered":"TP-Link TL-WR844N Routeur Wi-Fi multimode"},"content":{"rendered":"","protected":false},"excerpt":{"rendered":"<ul>\n<li><strong>Wi-Fi<\/strong>\u00a0haut d\u00e9bit \u2013 Le taux de transmission sans fil de 300 Mbps est id\u00e9al pour les t\u00e2ches sensibles \u00e0 la bande passante et les travaux de base.<\/li>\n<li><strong>Couverture am\u00e9lior\u00e9e<\/strong>\u00a0\u2013 Deux antennes omnidirectionnelles et 2 \u00d7 2 MIMO fournissent un signal Wi-Fi puissant et des connexions fiables.<\/li>\n<li><strong>Multi-Mode 4 en 1<\/strong>\u00a0\u2013 Prend en charge les modes Routeur, Point d\u2019acc\u00e8s, Prolongateur de port\u00e9e et WISP pour r\u00e9pondre \u00e0 tous les besoins du r\u00e9seau.<\/li>\n<li><strong>Contr\u00f4le parental<\/strong>\u00a0\u2013 G\u00e8re quand et comment les appareils connect\u00e9s peuvent acc\u00e9der \u00e0 Internet.<\/li>\n<li><strong>R\u00e9seau invit\u00e9<\/strong>\u00a0\u2013 Fournit un acc\u00e8s s\u00e9par\u00e9 pour les invit\u00e9s tout en s\u00e9curisant le r\u00e9seau h\u00f4te.<\/li>\n<li><strong>Streaming HD fluide<\/strong>\u00a0\u2013 Prend en charge le proxy IGMP \/ Snooping, le pont et le tag VLAN pour optimiser le streaming IPTV.<\/li>\n<li><strong>IPv6 pris en charge<\/strong>\u00a0\u2013 Compatible avec IPv6 (la derni\u00e8re version 6 du protocole Internet).<\/li>\n<\/ul>","protected":false},"featured_media":11836,"comment_status":"open","ping_status":"closed","template":"","meta":[],"product_cat":[105],"product_tag":[],"class_list":{"0":"post-11834","1":"product","2":"type-product","3":"status-publish","4":"has-post-thumbnail","6":"product_cat-various-accessories","8":"first","9":"instock","10":"sale","11":"shipping-taxable","12":"purchasable","13":"product-type-simple"},"_links":{"self":[{"href":"https:\/\/electro-box.ma\/fr\/wp-json\/wp\/v2\/product\/11834","targetHints":{"allow":["GET"]}}],"collection":[{"href":"https:\/\/electro-box.ma\/fr\/wp-json\/wp\/v2\/product"}],"about":[{"href":"https:\/\/electro-box.ma\/fr\/wp-json\/wp\/v2\/types\/product"}],"replies":[{"embeddable":true,"href":"https:\/\/electro-box.ma\/fr\/wp-json\/wp\/v2\/comments?post=11834"}],"version-history":[{"count":1,"href":"https:\/\/electro-box.ma\/fr\/wp-json\/wp\/v2\/product\/11834\/revisions"}],"predecessor-version":[{"id":11842,"href":"https:\/\/electro-box.ma\/fr\/wp-json\/wp\/v2\/product\/11834\/revisions\/11842"}],"wp:featuredmedia":[{"embeddable":true,"href":"https:\/\/electro-box.ma\/fr\/wp-json\/wp\/v2\/media\/11836"}],"wp:attachment":[{"href":"https:\/\/electro-box.ma\/fr\/wp-json\/wp\/v2\/media?parent=11834"}],"wp:term":[{"taxonomy":"product_cat","embeddable":true,"href":"https:\/\/electro-box.ma\/fr\/wp-json\/wp\/v2\/product_cat?post=11834"},{"taxonomy":"product_tag","embeddable":true,"href":"https:\/\/electro-box.ma\/fr\/wp-json\/wp\/v2\/product_tag?post=11834"}],"curies":[{"name":"wp","href":"https:\/\/api.w.org\/{rel}","templated":true}]}}