{"id":11827,"date":"2021-10-05T18:04:45","date_gmt":"2021-10-05T18:04:45","guid":{"rendered":"http:\/\/electrobest.ma\/?post_type=product&#038;p=11827"},"modified":"2025-09-17T19:31:04","modified_gmt":"2025-09-17T19:31:04","slug":"switch-de-bureau-5-ports-gigabit-tl-sg1005d","status":"publish","type":"product","link":"https:\/\/electro-box.ma\/fr\/produit\/switch-de-bureau-5-ports-gigabit-tl-sg1005d\/","title":{"rendered":"Switch de bureau 5 ports Gigabit TL-SG1005D"},"content":{"rendered":"","protected":false},"excerpt":{"rendered":"<ul>\n<li>5 ports RJ45 Gigabit auto-n\u00e9gociation, fonction Auto MDI\/MDX<\/li>\n<li>Technologie Green Ethernet pour plus d\u2019\u00e9conomie d\u2019\u00e9nergie<\/li>\n<li>Contr\u00f4le de flux IEEE 802.3x garantissant l\u2019int\u00e9grit\u00e9 des donn\u00e9es<\/li>\n<li>Bo\u00eetier plastique\u00a0con\u00e7u pour \u00eatre install\u00e9 sur un bureau ou accroch\u00e9 au\u00a0mur<\/li>\n<li>Plug-and-Play, aucune configuration requise<\/li>\n<\/ul>","protected":false},"featured_media":11832,"comment_status":"open","ping_status":"closed","template":"","meta":[],"product_cat":[105],"product_tag":[],"class_list":{"0":"post-11827","1":"product","2":"type-product","3":"status-publish","4":"has-post-thumbnail","6":"product_cat-various-accessories","8":"first","9":"instock","10":"sale","11":"shipping-taxable","12":"purchasable","13":"product-type-simple"},"_links":{"self":[{"href":"https:\/\/electro-box.ma\/fr\/wp-json\/wp\/v2\/product\/11827","targetHints":{"allow":["GET"]}}],"collection":[{"href":"https:\/\/electro-box.ma\/fr\/wp-json\/wp\/v2\/product"}],"about":[{"href":"https:\/\/electro-box.ma\/fr\/wp-json\/wp\/v2\/types\/product"}],"replies":[{"embeddable":true,"href":"https:\/\/electro-box.ma\/fr\/wp-json\/wp\/v2\/comments?post=11827"}],"version-history":[{"count":1,"href":"https:\/\/electro-box.ma\/fr\/wp-json\/wp\/v2\/product\/11827\/revisions"}],"predecessor-version":[{"id":11833,"href":"https:\/\/electro-box.ma\/fr\/wp-json\/wp\/v2\/product\/11827\/revisions\/11833"}],"wp:featuredmedia":[{"embeddable":true,"href":"https:\/\/electro-box.ma\/fr\/wp-json\/wp\/v2\/media\/11832"}],"wp:attachment":[{"href":"https:\/\/electro-box.ma\/fr\/wp-json\/wp\/v2\/media?parent=11827"}],"wp:term":[{"taxonomy":"product_cat","embeddable":true,"href":"https:\/\/electro-box.ma\/fr\/wp-json\/wp\/v2\/product_cat?post=11827"},{"taxonomy":"product_tag","embeddable":true,"href":"https:\/\/electro-box.ma\/fr\/wp-json\/wp\/v2\/product_tag?post=11827"}],"curies":[{"name":"wp","href":"https:\/\/api.w.org\/{rel}","templated":true}]}}