{"id":11820,"date":"2021-10-05T18:01:21","date_gmt":"2021-10-05T18:01:21","guid":{"rendered":"http:\/\/electrobest.ma\/?post_type=product&#038;p=11820"},"modified":"2025-11-27T17:27:32","modified_gmt":"2025-11-27T17:27:32","slug":"point-dacces-wi-fi-n-300-mbps-tl-wr840n","status":"publish","type":"product","link":"https:\/\/electro-box.ma\/fr\/produit\/point-dacces-wi-fi-n-300-mbps-tl-wr840n\/","title":{"rendered":"Point d&#039;acc\u00e8s Wi-Fi N 300 Mbps \u2013 TL-WR840N"},"content":{"rendered":"","protected":false},"excerpt":{"rendered":"<ul>\n<li>Taux de transmission sans fil de 300 Mbps id\u00e9al pour les t\u00e2ches sensibles \u00e0 la bande passante et le travail de base<\/li>\n<li>Cryptage de s\u00e9curit\u00e9 sans fil facile en appuyant sur le bouton WPS<\/li>\n<li>Le contr\u00f4le de la bande passante bas\u00e9 sur IP permet aux administrateurs de d\u00e9terminer la quantit\u00e9 de bande passante allou\u00e9e \u00e0 chaque PC<\/li>\n<li>Le pont sans fil WDS fournit un pontage transparent pour \u00e9tendre votre r\u00e9seau sans fil<\/li>\n<\/ul>","protected":false},"featured_media":11822,"comment_status":"open","ping_status":"closed","template":"","meta":[],"product_cat":[105],"product_tag":[],"class_list":{"0":"post-11820","1":"product","2":"type-product","3":"status-publish","4":"has-post-thumbnail","6":"product_cat-various-accessories","8":"first","9":"instock","10":"sale","11":"shipping-taxable","12":"purchasable","13":"product-type-simple"},"_links":{"self":[{"href":"https:\/\/electro-box.ma\/fr\/wp-json\/wp\/v2\/product\/11820","targetHints":{"allow":["GET"]}}],"collection":[{"href":"https:\/\/electro-box.ma\/fr\/wp-json\/wp\/v2\/product"}],"about":[{"href":"https:\/\/electro-box.ma\/fr\/wp-json\/wp\/v2\/types\/product"}],"replies":[{"embeddable":true,"href":"https:\/\/electro-box.ma\/fr\/wp-json\/wp\/v2\/comments?post=11820"}],"version-history":[{"count":1,"href":"https:\/\/electro-box.ma\/fr\/wp-json\/wp\/v2\/product\/11820\/revisions"}],"predecessor-version":[{"id":11826,"href":"https:\/\/electro-box.ma\/fr\/wp-json\/wp\/v2\/product\/11820\/revisions\/11826"}],"wp:featuredmedia":[{"embeddable":true,"href":"https:\/\/electro-box.ma\/fr\/wp-json\/wp\/v2\/media\/11822"}],"wp:attachment":[{"href":"https:\/\/electro-box.ma\/fr\/wp-json\/wp\/v2\/media?parent=11820"}],"wp:term":[{"taxonomy":"product_cat","embeddable":true,"href":"https:\/\/electro-box.ma\/fr\/wp-json\/wp\/v2\/product_cat?post=11820"},{"taxonomy":"product_tag","embeddable":true,"href":"https:\/\/electro-box.ma\/fr\/wp-json\/wp\/v2\/product_tag?post=11820"}],"curies":[{"name":"wp","href":"https:\/\/api.w.org\/{rel}","templated":true}]}}