{"id":11811,"date":"2021-10-05T17:11:16","date_gmt":"2021-10-05T17:11:16","guid":{"rendered":"http:\/\/electrobest.ma\/?post_type=product&#038;p=11811"},"modified":"2025-09-17T19:30:49","modified_gmt":"2025-09-17T19:30:49","slug":"mini-adaptateur-usb-wifi-n-300-mbps-tl-wn823n","status":"publish","type":"product","link":"https:\/\/electro-box.ma\/fr\/produit\/mini-adaptateur-usb-wifi-n-300-mbps-tl-wn823n\/","title":{"rendered":"Mini Adaptateur USB WiFi N 300 Mbps \u2013 TL-WN823N"},"content":{"rendered":"","protected":false},"excerpt":{"rendered":"<ul>\n<li>D\u00e9bit WiFi de 300 Mbps id\u00e9al pour le flux vid\u00e9o HD, flux voix et les jeux en ligne<\/li>\n<li>Design mini pour une portabilit\u00e9 meilleure avec une haute performance fiable<\/li>\n<li>Une pression sur un bouton WPS pour \u00e9tablir facilement une connexion sans fil s\u00e9curis\u00e9e.<\/li>\n<\/ul>","protected":false},"featured_media":11814,"comment_status":"open","ping_status":"closed","template":"","meta":[],"product_cat":[105],"product_tag":[],"class_list":{"0":"post-11811","1":"product","2":"type-product","3":"status-publish","4":"has-post-thumbnail","6":"product_cat-various-accessories","8":"first","9":"instock","10":"sale","11":"shipping-taxable","12":"purchasable","13":"product-type-simple"},"_links":{"self":[{"href":"https:\/\/electro-box.ma\/fr\/wp-json\/wp\/v2\/product\/11811","targetHints":{"allow":["GET"]}}],"collection":[{"href":"https:\/\/electro-box.ma\/fr\/wp-json\/wp\/v2\/product"}],"about":[{"href":"https:\/\/electro-box.ma\/fr\/wp-json\/wp\/v2\/types\/product"}],"replies":[{"embeddable":true,"href":"https:\/\/electro-box.ma\/fr\/wp-json\/wp\/v2\/comments?post=11811"}],"version-history":[{"count":2,"href":"https:\/\/electro-box.ma\/fr\/wp-json\/wp\/v2\/product\/11811\/revisions"}],"predecessor-version":[{"id":11819,"href":"https:\/\/electro-box.ma\/fr\/wp-json\/wp\/v2\/product\/11811\/revisions\/11819"}],"wp:featuredmedia":[{"embeddable":true,"href":"https:\/\/electro-box.ma\/fr\/wp-json\/wp\/v2\/media\/11814"}],"wp:attachment":[{"href":"https:\/\/electro-box.ma\/fr\/wp-json\/wp\/v2\/media?parent=11811"}],"wp:term":[{"taxonomy":"product_cat","embeddable":true,"href":"https:\/\/electro-box.ma\/fr\/wp-json\/wp\/v2\/product_cat?post=11811"},{"taxonomy":"product_tag","embeddable":true,"href":"https:\/\/electro-box.ma\/fr\/wp-json\/wp\/v2\/product_tag?post=11811"}],"curies":[{"name":"wp","href":"https:\/\/api.w.org\/{rel}","templated":true}]}}