{"id":11806,"date":"2021-10-05T17:05:04","date_gmt":"2021-10-05T17:05:04","guid":{"rendered":"http:\/\/electrobest.ma\/?post_type=product&#038;p=11806"},"modified":"2025-05-11T04:09:02","modified_gmt":"2025-05-11T04:09:02","slug":"switch-de-bureau-8-ports-10-100-mbps-tl-sf1008d","status":"publish","type":"product","link":"https:\/\/electro-box.ma\/fr\/produit\/switch-de-bureau-8-ports-10-100-mbps-tl-sf1008d\/","title":{"rendered":"Switch de bureau 8 ports 10\/100 Mbps \u2013 TL-SF1008D"},"content":{"rendered":"","protected":false},"excerpt":{"rendered":"<ul>\n<li>8 ports RJ45 auto-n\u00e9gociation 10\/100 Mbps avec prise en charge Auto MDI\/MDIX<\/li>\n<li>Technologie Green Ethernet pour plus d\u2019\u00e9conomie d\u2019\u00e9nergie<\/li>\n<li>Contr\u00f4le de flux IEEE 802.3x garantissant l\u2019int\u00e9grit\u00e9 des donn\u00e9es<\/li>\n<li>Bo\u00eetier plastique\u00a0con\u00e7u pour \u00eatre install\u00e9 sur un bureau<\/li>\n<li>Plug-and-Play, aucune configuration requise<\/li>\n<\/ul>","protected":false},"featured_media":11808,"comment_status":"open","ping_status":"closed","template":"","meta":[],"product_cat":[105],"product_tag":[],"class_list":{"0":"post-11806","1":"product","2":"type-product","3":"status-publish","4":"has-post-thumbnail","6":"product_cat-various-accessories","8":"first","9":"instock","10":"sale","11":"shipping-taxable","12":"purchasable","13":"product-type-simple"},"_links":{"self":[{"href":"https:\/\/electro-box.ma\/fr\/wp-json\/wp\/v2\/product\/11806","targetHints":{"allow":["GET"]}}],"collection":[{"href":"https:\/\/electro-box.ma\/fr\/wp-json\/wp\/v2\/product"}],"about":[{"href":"https:\/\/electro-box.ma\/fr\/wp-json\/wp\/v2\/types\/product"}],"replies":[{"embeddable":true,"href":"https:\/\/electro-box.ma\/fr\/wp-json\/wp\/v2\/comments?post=11806"}],"version-history":[{"count":1,"href":"https:\/\/electro-box.ma\/fr\/wp-json\/wp\/v2\/product\/11806\/revisions"}],"predecessor-version":[{"id":11810,"href":"https:\/\/electro-box.ma\/fr\/wp-json\/wp\/v2\/product\/11806\/revisions\/11810"}],"wp:featuredmedia":[{"embeddable":true,"href":"https:\/\/electro-box.ma\/fr\/wp-json\/wp\/v2\/media\/11808"}],"wp:attachment":[{"href":"https:\/\/electro-box.ma\/fr\/wp-json\/wp\/v2\/media?parent=11806"}],"wp:term":[{"taxonomy":"product_cat","embeddable":true,"href":"https:\/\/electro-box.ma\/fr\/wp-json\/wp\/v2\/product_cat?post=11806"},{"taxonomy":"product_tag","embeddable":true,"href":"https:\/\/electro-box.ma\/fr\/wp-json\/wp\/v2\/product_tag?post=11806"}],"curies":[{"name":"wp","href":"https:\/\/api.w.org\/{rel}","templated":true}]}}